{"id":1181,"date":"2016-09-05T18:28:26","date_gmt":"2016-09-05T18:28:26","guid":{"rendered":"http:\/\/demos.famethemes.com\/screenr\/?page_id=2"},"modified":"2016-09-05T18:28:26","modified_gmt":"2016-09-05T18:28:26","slug":"sample-page","status":"publish","type":"page","link":"http:\/\/premat.pl\/index.php\/sample-page\/","title":{"rendered":"Sample Page"},"content":{"rendered":"","protected":false},"excerpt":{"rendered":"","protected":false},"author":2,"featured_media":0,"parent":0,"menu_order":0,"comment_status":"closed","ping_status":"open","template":"","meta":{"footnotes":""},"class_list":["post-1181","page","type-page","status-publish","hentry"],"yoast_head":"<!-- This site is optimized with the Yoast SEO plugin v19.4 - https:\/\/yoast.com\/wordpress\/plugins\/seo\/ -->\n<title>Sample Page - PREMAT Sp. z o.o.<\/title>\n<meta name=\"robots\" content=\"index, follow, max-snippet:-1, max-image-preview:large, max-video-preview:-1\" \/>\n<link rel=\"canonical\" href=\"http:\/\/premat.pl\/index.php\/sample-page\/\" \/>\n<meta property=\"og:locale\" content=\"pl_PL\" \/>\n<meta property=\"og:type\" content=\"article\" \/>\n<meta property=\"og:title\" content=\"Sample Page - PREMAT Sp. z o.o.\" \/>\n<meta property=\"og:url\" content=\"http:\/\/premat.pl\/index.php\/sample-page\/\" \/>\n<meta property=\"og:site_name\" content=\"PREMAT Sp. z o.o.\" \/>\n<meta name=\"twitter:card\" content=\"summary_large_image\" \/>\n<script type=\"application\/ld+json\" class=\"yoast-schema-graph\">{\"@context\":\"https:\/\/schema.org\",\"@graph\":[{\"@type\":\"Organization\",\"@id\":\"http:\/\/premat.pl\/#organization\",\"name\":\"PREMAT Sp. z o.o.\",\"url\":\"http:\/\/premat.pl\/\",\"sameAs\":[],\"logo\":{\"@type\":\"ImageObject\",\"inLanguage\":\"pl-PL\",\"@id\":\"http:\/\/premat.pl\/#\/schema\/logo\/image\/\",\"url\":\"http:\/\/premat.pl\/wp-content\/uploads\/2022\/07\/cropped-logo_bez_tla5.gif\",\"contentUrl\":\"http:\/\/premat.pl\/wp-content\/uploads\/2022\/07\/cropped-logo_bez_tla5.gif\",\"width\":340,\"height\":61,\"caption\":\"PREMAT Sp. z o.o.\"},\"image\":{\"@id\":\"http:\/\/premat.pl\/#\/schema\/logo\/image\/\"}},{\"@type\":\"WebSite\",\"@id\":\"http:\/\/premat.pl\/#website\",\"url\":\"http:\/\/premat.pl\/\",\"name\":\"PREMAT Sp. z o.o.\",\"description\":\"Ci\u0119cie laserem, plazm\u0105, gi\u0119cie CNC, spawanie\",\"publisher\":{\"@id\":\"http:\/\/premat.pl\/#organization\"},\"potentialAction\":[{\"@type\":\"SearchAction\",\"target\":{\"@type\":\"EntryPoint\",\"urlTemplate\":\"http:\/\/premat.pl\/?s={search_term_string}\"},\"query-input\":\"required name=search_term_string\"}],\"inLanguage\":\"pl-PL\"},{\"@type\":\"WebPage\",\"@id\":\"http:\/\/premat.pl\/index.php\/sample-page\/\",\"url\":\"http:\/\/premat.pl\/index.php\/sample-page\/\",\"name\":\"Sample Page - PREMAT Sp. z o.o.\",\"isPartOf\":{\"@id\":\"http:\/\/premat.pl\/#website\"},\"datePublished\":\"2016-09-05T18:28:26+00:00\",\"dateModified\":\"2016-09-05T18:28:26+00:00\",\"breadcrumb\":{\"@id\":\"http:\/\/premat.pl\/index.php\/sample-page\/#breadcrumb\"},\"inLanguage\":\"pl-PL\",\"potentialAction\":[{\"@type\":\"ReadAction\",\"target\":[\"http:\/\/premat.pl\/index.php\/sample-page\/\"]}]},{\"@type\":\"BreadcrumbList\",\"@id\":\"http:\/\/premat.pl\/index.php\/sample-page\/#breadcrumb\",\"itemListElement\":[{\"@type\":\"ListItem\",\"position\":1,\"name\":\"Home\",\"item\":\"http:\/\/premat.pl\/\"},{\"@type\":\"ListItem\",\"position\":2,\"name\":\"Sample Page\"}]}]}<\/script>\n<!-- \/ Yoast SEO plugin. -->","yoast_head_json":{"title":"Sample Page - PREMAT Sp. z o.o.","robots":{"index":"index","follow":"follow","max-snippet":"max-snippet:-1","max-image-preview":"max-image-preview:large","max-video-preview":"max-video-preview:-1"},"canonical":"http:\/\/premat.pl\/index.php\/sample-page\/","og_locale":"pl_PL","og_type":"article","og_title":"Sample Page - PREMAT Sp. z o.o.","og_url":"http:\/\/premat.pl\/index.php\/sample-page\/","og_site_name":"PREMAT Sp. z o.o.","twitter_card":"summary_large_image","schema":{"@context":"https:\/\/schema.org","@graph":[{"@type":"Organization","@id":"http:\/\/premat.pl\/#organization","name":"PREMAT Sp. z o.o.","url":"http:\/\/premat.pl\/","sameAs":[],"logo":{"@type":"ImageObject","inLanguage":"pl-PL","@id":"http:\/\/premat.pl\/#\/schema\/logo\/image\/","url":"http:\/\/premat.pl\/wp-content\/uploads\/2022\/07\/cropped-logo_bez_tla5.gif","contentUrl":"http:\/\/premat.pl\/wp-content\/uploads\/2022\/07\/cropped-logo_bez_tla5.gif","width":340,"height":61,"caption":"PREMAT Sp. z o.o."},"image":{"@id":"http:\/\/premat.pl\/#\/schema\/logo\/image\/"}},{"@type":"WebSite","@id":"http:\/\/premat.pl\/#website","url":"http:\/\/premat.pl\/","name":"PREMAT Sp. z o.o.","description":"Ci\u0119cie laserem, plazm\u0105, gi\u0119cie CNC, spawanie","publisher":{"@id":"http:\/\/premat.pl\/#organization"},"potentialAction":[{"@type":"SearchAction","target":{"@type":"EntryPoint","urlTemplate":"http:\/\/premat.pl\/?s={search_term_string}"},"query-input":"required name=search_term_string"}],"inLanguage":"pl-PL"},{"@type":"WebPage","@id":"http:\/\/premat.pl\/index.php\/sample-page\/","url":"http:\/\/premat.pl\/index.php\/sample-page\/","name":"Sample Page - PREMAT Sp. z o.o.","isPartOf":{"@id":"http:\/\/premat.pl\/#website"},"datePublished":"2016-09-05T18:28:26+00:00","dateModified":"2016-09-05T18:28:26+00:00","breadcrumb":{"@id":"http:\/\/premat.pl\/index.php\/sample-page\/#breadcrumb"},"inLanguage":"pl-PL","potentialAction":[{"@type":"ReadAction","target":["http:\/\/premat.pl\/index.php\/sample-page\/"]}]},{"@type":"BreadcrumbList","@id":"http:\/\/premat.pl\/index.php\/sample-page\/#breadcrumb","itemListElement":[{"@type":"ListItem","position":1,"name":"Home","item":"http:\/\/premat.pl\/"},{"@type":"ListItem","position":2,"name":"Sample Page"}]}]}},"_links":{"self":[{"href":"http:\/\/premat.pl\/index.php\/wp-json\/wp\/v2\/pages\/1181","targetHints":{"allow":["GET"]}}],"collection":[{"href":"http:\/\/premat.pl\/index.php\/wp-json\/wp\/v2\/pages"}],"about":[{"href":"http:\/\/premat.pl\/index.php\/wp-json\/wp\/v2\/types\/page"}],"author":[{"embeddable":true,"href":"http:\/\/premat.pl\/index.php\/wp-json\/wp\/v2\/users\/2"}],"replies":[{"embeddable":true,"href":"http:\/\/premat.pl\/index.php\/wp-json\/wp\/v2\/comments?post=1181"}],"version-history":[{"count":0,"href":"http:\/\/premat.pl\/index.php\/wp-json\/wp\/v2\/pages\/1181\/revisions"}],"wp:attachment":[{"href":"http:\/\/premat.pl\/index.php\/wp-json\/wp\/v2\/media?parent=1181"}],"curies":[{"name":"wp","href":"https:\/\/api.w.org\/{rel}","templated":true}]}}